{"id":5418,"date":"2024-03-05T17:20:22","date_gmt":"2024-03-05T17:20:22","guid":{"rendered":"http:\/\/armymen.com.ar\/website\/?page_id=5418"},"modified":"2024-09-10T11:53:36","modified_gmt":"2024-09-10T11:53:36","slug":"army-men-rts-2","status":"publish","type":"page","link":"https:\/\/armymen.com.ar\/website\/videogames\/army-men-mods\/army-men-rts-2\/","title":{"rendered":"Army Men RTS 2"},"content":{"rendered":"\n<h2 class=\"wp-block-heading\">The unofficial desired sequel to one of the best Army Men games<\/h2>\n\n\n\n<p>The idea is simple: The same Army Men RTS engine but with texture improvements (AI Upscale), 1080dpi resolution (or more), some more technical improvement, new CGI FMV cut scenes, all original content + extra content from the entire RTS community. An Army Men RTS MEGA PACK!<\/p>\n\n\n<div class=\"wp-block-image\">\n<figure class=\"aligncenter size-medium\"><a href=\"https:\/\/armymen.com.ar\/website\/wp-content\/uploads\/2024\/09\/army-men-rts-2.png\"><img loading=\"lazy\" decoding=\"async\" width=\"300\" height=\"300\" src=\"https:\/\/armymen.com.ar\/website\/wp-content\/uploads\/2024\/09\/army-men-rts-2-300x300.png\" alt=\"\" class=\"wp-image-17947\" srcset=\"https:\/\/armymen.com.ar\/website\/wp-content\/uploads\/2024\/09\/army-men-rts-2-300x300.png 300w, https:\/\/armymen.com.ar\/website\/wp-content\/uploads\/2024\/09\/army-men-rts-2-150x150.png 150w, https:\/\/armymen.com.ar\/website\/wp-content\/uploads\/2024\/09\/army-men-rts-2-50x50.png 50w, https:\/\/armymen.com.ar\/website\/wp-content\/uploads\/2024\/09\/army-men-rts-2-100x100.png 100w, https:\/\/armymen.com.ar\/website\/wp-content\/uploads\/2024\/09\/army-men-rts-2.png 500w\" sizes=\"auto, (max-width: 300px) 100vw, 300px\" \/><\/a><\/figure>\n<\/div>\n\n\n<h2 class=\"wp-block-heading\">The plot:<\/h2>\n\n\n\n<p>A new threat looms over the plastic world. Although the flame of <a data-type=\"page\" data-id=\"977\" href=\"https:\/\/armymen.com.ar\/website\/characters\/army-men-characters\/renegade-army-men\/lord-malice\/\">Lord Malice&#8217;s<\/a> revenge has long been extinct, he left behind something worse: the molds of <a data-type=\"page\" data-id=\"2022\" href=\"https:\/\/armymen.com.ar\/website\/army-men-lore\/armies-and-units\/green-army\/bravo-company\/bravo-company-commandos\/\">Sarge&#8217;s Heroes<\/a> within the reach of all plastic armies, so that everyone can mold their own powerful heroes, and the balance of war returns to its endless balance of the past.<\/p>\n\n\n\n<p>The only problem is that <a href=\"https:\/\/armymen.com.ar\/website\/characters\/green-army-characters\/hawk\/\" data-type=\"page\" data-id=\"26\">Sarge Hawk<\/a> lost his original heroes (except for <a href=\"https:\/\/armymen.com.ar\/website\/characters\/green-army-characters\/bullseye\/\" data-type=\"page\" data-id=\"1004\">Bullseye<\/a>), his girlfriend and both he and his nation, <a href=\"https:\/\/armymen.com.ar\/website\/characters\/green-army-characters\/colonel-grimm\/\" data-type=\"page\" data-id=\"261\">their commander<\/a>.<\/p>\n\n\n\n<p>Now only the Greens are the ones at a disadvantage, although they have a Sarge Hawk more ruthless and powerful than before, and the <a href=\"https:\/\/armymen.com.ar\/website\/characters\/green-army-characters\/omega\/\" data-type=\"page\" data-id=\"335\">Omega Soldier<\/a>, the ultimate weapon.<\/p>\n\n\n\n<p>On the other hand, the Greens gain an unexpected ally: the <a data-type=\"page\" data-id=\"1847\" href=\"https:\/\/armymen.com.ar\/website\/army-men-lore\/armies-and-units\/violet-army\/\">Violet army<\/a>, with which they share the same common goal: peace.<\/p>\n\n\n\n<p>But not everything is so simple: In addition to being able to travel to <a href=\"https:\/\/armymen.com.ar\/website\/worlds\/\" data-type=\"page\" data-id=\"13\">new and strange worlds<\/a>, now the possibility of time travel has been discovered and today more than ever the <a href=\"https:\/\/armymen.com.ar\/website\/worlds\/\" data-type=\"page\" data-id=\"13\">Army Men universe<\/a> is in danger of not only being destroyed, but erased from the moment of its conception.<\/p>\n\n\n\n<h5 class=\"wp-block-heading\">Can <a data-type=\"page\" data-id=\"26\" href=\"https:\/\/armymen.com.ar\/website\/characters\/green-army-characters\/hawk\/\">Sarge Hawk<\/a> and his new allies against this new threat?. Well, no, actually he can&#8217;t.<\/h5>\n\n\n\n<p>This is where <a href=\"https:\/\/armymen.com.ar\/website\/characters\/other-toy-characters\/space-toykinds\/galactic-army-men\/tina-tomorrow\/\">Tina Tomorrow<\/a> and her <a href=\"https:\/\/armymen.com.ar\/website\/army-men-lore\/armies-and-units\/galactic-army\/space-troopers\/\">Space Troopers<\/a> come in. <a href=\"https:\/\/armymen.com.ar\/website\/characters\/army-men-characters\/green-army-characters\/hawk\/\">Sarge Hawk<\/a> must call the space old allies of the Green Army, from the far away Space World to combat this Space-Time threat, which the reality is that is a common enemy for both\u2026<\/p>\n\n\n\n<h2 class=\"wp-block-heading\">Desired characteristics for the Mod<\/h2>\n\n\n\n<ul class=\"wp-block-list\">\n<li>An extra faction composed of the Dark Reign 2 assets, but disguised as Tina Tomorrow&#8217;s Galactic Army, with extra content, a new campaign, new multiplayer maps, among other stuff.<\/li>\n\n\n\n<li>A series of new campaigns or missions, in the style of Special Operations &amp; Great Battles made from other games such as Sarge&#8217;s Heroes 1 &amp; 2, Air Attack 1 &amp; 2, Green Rogue, Portal Runner, etc. will be made using the assets of those games (CGI Cut scenes, textures, music &amp; voice overs).<\/li>\n\n\n\n<li>The entire first complete game: the campaign missions of the first game, the tutorials, Special Operations, Great Battles and multiplayer vanilla maps.<\/li>\n\n\n\n<li><a href=\"https:\/\/armymen.com.ar\/website\/characters\/army-men-characters\/green-army-characters\/omega\/\">Omega Soldier<\/a>, <a href=\"https:\/\/armymen.com.ar\/website\/army-men-lore\/armies-and-units\/green-army\/airborne-cavalry\/alpha-wolf-battalion\/\">Alpha Wolf Battalion<\/a>, <a href=\"https:\/\/armymen.com.ar\/website\/characters\/army-men-characters\/tan-army-characters\/baron-von-beige\/\">Baron Von Beige<\/a>, <a href=\"https:\/\/armymen.com.ar\/website\/characters\/army-men-characters\/tan-army-characters\/tannenburg\/\">Field Marshal Tannenburg<\/a> and many more to be likely in the game.<\/li>\n\n\n\n<li>All missions from the first game&#8217;s campaign, tutorials, Special Operations and Great Battles, but accessible to play in multiplayer cooperative mode or versus mode (Green vs Tan).<\/li>\n\n\n\n<li>Given that in the <a href=\"https:\/\/armymen.com.ar\/website\/videogames\/sony-ps1\/army-men-sarges-heroes-ps1\/\" data-type=\"page\" data-id=\"2407\">Sarge&#8217;s Heroes cinematic intro<\/a> the <a href=\"https:\/\/armymen.com.ar\/website\/army-men-lore\/vehicles\/ground-vehicles\/m48-patton-tank\/\" data-type=\"page\" data-id=\"21\">tanks<\/a> could shoot at the <a href=\"https:\/\/armymen.com.ar\/website\/army-men-lore\/vehicles\/air-vehicles\/helicopters\/huey\/\" data-type=\"page\" data-id=\"902\">helicopters<\/a>, it should be added that they can shoot at the choppers, but taking a long time to aim, or something like that.<\/li>\n\n\n\n<li>Will be added more vehicles from the franchise, like the Jeep, and new resources, such as metal mining.<\/li>\n<\/ul>\n\n\n\n<figure class=\"wp-block-embed is-type-video is-provider-youtube wp-block-embed-youtube wp-embed-aspect-16-9 wp-has-aspect-ratio\"><div class=\"wp-block-embed__wrapper\">\n<iframe loading=\"lazy\" title=\"La delgada l\u00ednea verde - CAMPA\u00d1A MULTIJUGADOR 1 - Army Men RTS (WIP)\" width=\"474\" height=\"267\" src=\"https:\/\/www.youtube.com\/embed\/B4A5vzy2Byg?feature=oembed\" frameborder=\"0\" allow=\"accelerometer; autoplay; clipboard-write; encrypted-media; gyroscope; picture-in-picture; web-share\" referrerpolicy=\"strict-origin-when-cross-origin\" allowfullscreen><\/iframe>\n<\/div><figcaption class=\"wp-element-caption\">The Thin Green Line &#8211; MULTIPLAYER CAMPAIGN 1 &#8211; Army Men RTS (WIP)<\/figcaption><\/figure>\n\n\n\n<figure class=\"wp-block-embed is-type-video is-provider-youtube wp-block-embed-youtube wp-embed-aspect-16-9 wp-has-aspect-ratio\"><div class=\"wp-block-embed__wrapper\">\n<iframe loading=\"lazy\" title=\"Army Men RTS Multiplayer Cooperativo - &quot;Por un pu\u00f1ado de pl\u00e1stico&quot; - Misi\u00f3n 9 (Extracto livestream)\" width=\"474\" height=\"267\" src=\"https:\/\/www.youtube.com\/embed\/yBEyazLRCZw?feature=oembed\" frameborder=\"0\" allow=\"accelerometer; autoplay; clipboard-write; encrypted-media; gyroscope; picture-in-picture; web-share\" referrerpolicy=\"strict-origin-when-cross-origin\" allowfullscreen><\/iframe>\n<\/div><figcaption class=\"wp-element-caption\">Fistful of Plastic &#8211; MULTIPLAYER CAMPAIGN 9 &#8211; Army Men RTS (WIP)<\/figcaption><\/figure>\n\n\n\n<figure class=\"wp-block-embed is-type-video is-provider-youtube wp-block-embed-youtube wp-embed-aspect-16-9 wp-has-aspect-ratio\"><div class=\"wp-block-embed__wrapper\">\n<iframe loading=\"lazy\" title=\"Ejercito de uno - CAMPA\u00d1A MULTIJUGADOR 11 - Army Men RTS (WIP)\" width=\"474\" height=\"267\" src=\"https:\/\/www.youtube.com\/embed\/8g8rBXVxLHU?feature=oembed\" frameborder=\"0\" allow=\"accelerometer; autoplay; clipboard-write; encrypted-media; gyroscope; picture-in-picture; web-share\" referrerpolicy=\"strict-origin-when-cross-origin\" allowfullscreen><\/iframe>\n<\/div><figcaption class=\"wp-element-caption\">Army of One &#8211; MULTIPLAYER CAMPAIGN 11 &#8211; Army Men RTS (WIP)<\/figcaption><\/figure>\n\n\n\n<figure class=\"wp-block-embed is-type-video is-provider-youtube wp-block-embed-youtube wp-embed-aspect-16-9 wp-has-aspect-ratio\"><div class=\"wp-block-embed__wrapper\">\n<iframe loading=\"lazy\" title=\"Army Men RTS - MULTIPLAYER COOPERATIVO (WIP) - Coraz\u00f3n de Pl\u00e1stico - Mission 15 (Heart of Plastic)\" width=\"474\" height=\"267\" src=\"https:\/\/www.youtube.com\/embed\/gkJYx19piRk?feature=oembed\" frameborder=\"0\" allow=\"accelerometer; autoplay; clipboard-write; encrypted-media; gyroscope; picture-in-picture; web-share\" referrerpolicy=\"strict-origin-when-cross-origin\" allowfullscreen><\/iframe>\n<\/div><figcaption class=\"wp-element-caption\">Heart of Plastic &#8211; MULTIPLAYER CAMPAIGN 15 &#8211; Army Men RTS (WIP)<\/figcaption><\/figure>\n\n\n\n<figure class=\"wp-block-embed is-type-video is-provider-youtube wp-block-embed-youtube wp-embed-aspect-16-9 wp-has-aspect-ratio\"><div class=\"wp-block-embed__wrapper\">\n<iframe loading=\"lazy\" title=\"Army Men RTS - Multijugador Cooperativo - Asedio al jard\u00edn - Grandes Batallas 1 (Dificultad Dif\u00edcil)\" width=\"474\" height=\"267\" src=\"https:\/\/www.youtube.com\/embed\/uXpUD-SeSak?feature=oembed\" frameborder=\"0\" allow=\"accelerometer; autoplay; clipboard-write; encrypted-media; gyroscope; picture-in-picture; web-share\" referrerpolicy=\"strict-origin-when-cross-origin\" allowfullscreen><\/iframe>\n<\/div><figcaption class=\"wp-element-caption\">Garden Siege &#8211; MULTIPLAYER GREAT BATTLES 1 &#8211; Army Men RTS (WIP)<\/figcaption><\/figure>\n\n\n\n<figure class=\"wp-block-embed is-type-video is-provider-youtube wp-block-embed-youtube wp-embed-aspect-16-9 wp-has-aspect-ratio\"><div class=\"wp-block-embed__wrapper\">\n<iframe loading=\"lazy\" title=\"Army Men RTS Operaciones Especiales Coop Multiplayer &quot;Bocadillo de medianoche&quot; (Extracto livestream)\" width=\"474\" height=\"267\" src=\"https:\/\/www.youtube.com\/embed\/ayMOV3U9QFY?feature=oembed\" frameborder=\"0\" allow=\"accelerometer; autoplay; clipboard-write; encrypted-media; gyroscope; picture-in-picture; web-share\" referrerpolicy=\"strict-origin-when-cross-origin\" allowfullscreen><\/iframe>\n<\/div><figcaption class=\"wp-element-caption\">Midnight Snack &#8211; MULTIPLAYER SPECIAL OPERATIONS &#8211; Army Men RTS (WIP)<\/figcaption><\/figure>\n\n\n\n<details class=\"wp-block-details is-layout-flow wp-block-details-is-layout-flow\"><summary>Sources for this article:<\/summary>\n<p><a href=\"https:\/\/www.youtube.com\/@TheArmyMenVideoGamesChannel\" target=\"_blank\" rel=\"noreferrer noopener\">The Army Men videogames channel<\/a><\/p>\n<\/details>\n<div class=\"likebtn_container\" style=\"\"><!-- LikeBtn.com BEGIN --><span class=\"likebtn-wrapper\"  data-identifier=\"page_5418\"  data-site_id=\"666cc35b6fd08ba15736e3bc\"  data-style=\"\"  data-unlike_allowed=\"\"  data-show_copyright=\"\"  data-item_url=\"https:\/\/armymen.com.ar\/website\/videogames\/army-men-mods\/army-men-rts-2\/\"  data-item_title=\"Army Men RTS 2\"  data-item_image=\"https:\/\/armymen.com.ar\/website\/wp-content\/uploads\/2024\/09\/army-men-rts-2.png\"  data-item_date=\"2024-03-05T17:20:22+00:00\"  data-engine=\"WordPress\"  data-plugin_v=\"2.6.58\"  data-prx=\"https:\/\/armymen.com.ar\/website\/wp-admin\/admin-ajax.php?action=likebtn_prx\"  data-event_handler=\"likebtn_eh\" ><\/span><!-- LikeBtn.com END --><\/div>","protected":false},"excerpt":{"rendered":"<p>The unofficial desired sequel to one of the best Army Men games The idea is simple: The same Army Men RTS engine but with texture improvements (AI Upscale), 1080dpi resolution (or more), some more technical improvement, new CGI FMV cut scenes, all original content + extra content from the entire RTS community. An Army Men &hellip; <a href=\"https:\/\/armymen.com.ar\/website\/videogames\/army-men-mods\/army-men-rts-2\/\" class=\"more-link\">Continue reading <span class=\"screen-reader-text\">Army Men RTS 2<\/span> <span class=\"meta-nav\">&rarr;<\/span><\/a><\/p>\n<div class=\"likebtn_container\" style=\"\"><!-- LikeBtn.com BEGIN --><span class=\"likebtn-wrapper\"  data-identifier=\"page_5418\"  data-site_id=\"666cc35b6fd08ba15736e3bc\"  data-style=\"\"  data-unlike_allowed=\"\"  data-show_copyright=\"\"  data-item_url=\"https:\/\/armymen.com.ar\/website\/videogames\/army-men-mods\/army-men-rts-2\/\"  data-item_title=\"Army Men RTS 2\"  data-item_image=\"https:\/\/armymen.com.ar\/website\/wp-content\/uploads\/2024\/09\/army-men-rts-2.png\"  data-item_date=\"2024-03-05T17:20:22+00:00\"  data-engine=\"WordPress\"  data-plugin_v=\"2.6.58\"  data-prx=\"https:\/\/armymen.com.ar\/website\/wp-admin\/admin-ajax.php?action=likebtn_prx\"  data-event_handler=\"likebtn_eh\" ><\/span><!-- LikeBtn.com END --><\/div>","protected":false},"author":7,"featured_media":17947,"parent":586,"menu_order":0,"comment_status":"open","ping_status":"closed","template":"","meta":{"pgc_sgb_lightbox_settings":"","footnotes":""},"class_list":["post-5418","page","type-page","status-publish","has-post-thumbnail","hentry"],"yoast_head":"<!-- This site is optimized with the Yoast SEO plugin v23.4 - https:\/\/yoast.com\/wordpress\/plugins\/seo\/ -->\n<title>Army Men RTS 2 - Army Men Toyverse<\/title>\n<meta name=\"robots\" content=\"index, follow, max-snippet:-1, max-image-preview:large, max-video-preview:-1\" \/>\n<link rel=\"canonical\" href=\"http:\/\/armymen.com.ar\/website\/videogames\/army-men-mods\/army-men-rts-2\/\" \/>\n<meta property=\"og:locale\" content=\"en_US\" \/>\n<meta property=\"og:type\" content=\"article\" \/>\n<meta property=\"og:title\" content=\"Army Men RTS 2 - Army Men Toyverse\" \/>\n<meta property=\"og:description\" content=\"The unofficial desired sequel to one of the best Army Men games The idea is simple: The same Army Men RTS engine but with texture improvements (AI Upscale), 1080dpi resolution (or more), some more technical improvement, new CGI FMV cut scenes, all original content + extra content from the entire RTS community. An Army Men &hellip; Continue reading Army Men RTS 2 &rarr;\" \/>\n<meta property=\"og:url\" content=\"http:\/\/armymen.com.ar\/website\/videogames\/army-men-mods\/army-men-rts-2\/\" \/>\n<meta property=\"og:site_name\" content=\"Army Men Toyverse\" \/>\n<meta property=\"article:publisher\" content=\"https:\/\/facebook.com\/armymenvideogames\" \/>\n<meta property=\"article:modified_time\" content=\"2024-09-10T11:53:36+00:00\" \/>\n<meta property=\"og:image\" content=\"http:\/\/armymen.com.ar\/website\/wp-content\/uploads\/2024\/09\/army-men-rts-2.png\" \/>\n\t<meta property=\"og:image:width\" content=\"500\" \/>\n\t<meta property=\"og:image:height\" content=\"500\" \/>\n\t<meta property=\"og:image:type\" content=\"image\/png\" \/>\n<meta name=\"twitter:card\" content=\"summary_large_image\" \/>\n<meta name=\"twitter:site\" content=\"@armymenchannel\" \/>\n<meta name=\"twitter:label1\" content=\"Est. reading time\" \/>\n\t<meta name=\"twitter:data1\" content=\"3 minutes\" \/>\n<script type=\"application\/ld+json\" class=\"yoast-schema-graph\">{\"@context\":\"https:\/\/schema.org\",\"@graph\":[{\"@type\":\"WebPage\",\"@id\":\"http:\/\/armymen.com.ar\/website\/videogames\/army-men-mods\/army-men-rts-2\/\",\"url\":\"http:\/\/armymen.com.ar\/website\/videogames\/army-men-mods\/army-men-rts-2\/\",\"name\":\"Army Men RTS 2 - Army Men Toyverse\",\"isPartOf\":{\"@id\":\"https:\/\/armymen.com.ar\/website\/#website\"},\"primaryImageOfPage\":{\"@id\":\"http:\/\/armymen.com.ar\/website\/videogames\/army-men-mods\/army-men-rts-2\/#primaryimage\"},\"image\":{\"@id\":\"http:\/\/armymen.com.ar\/website\/videogames\/army-men-mods\/army-men-rts-2\/#primaryimage\"},\"thumbnailUrl\":\"https:\/\/armymen.com.ar\/website\/wp-content\/uploads\/2024\/09\/army-men-rts-2.png\",\"datePublished\":\"2024-03-05T17:20:22+00:00\",\"dateModified\":\"2024-09-10T11:53:36+00:00\",\"breadcrumb\":{\"@id\":\"http:\/\/armymen.com.ar\/website\/videogames\/army-men-mods\/army-men-rts-2\/#breadcrumb\"},\"inLanguage\":\"en-US\",\"potentialAction\":[{\"@type\":\"ReadAction\",\"target\":[\"http:\/\/armymen.com.ar\/website\/videogames\/army-men-mods\/army-men-rts-2\/\"]}]},{\"@type\":\"ImageObject\",\"inLanguage\":\"en-US\",\"@id\":\"http:\/\/armymen.com.ar\/website\/videogames\/army-men-mods\/army-men-rts-2\/#primaryimage\",\"url\":\"https:\/\/armymen.com.ar\/website\/wp-content\/uploads\/2024\/09\/army-men-rts-2.png\",\"contentUrl\":\"https:\/\/armymen.com.ar\/website\/wp-content\/uploads\/2024\/09\/army-men-rts-2.png\",\"width\":500,\"height\":500},{\"@type\":\"BreadcrumbList\",\"@id\":\"http:\/\/armymen.com.ar\/website\/videogames\/army-men-mods\/army-men-rts-2\/#breadcrumb\",\"itemListElement\":[{\"@type\":\"ListItem\",\"position\":1,\"name\":\"Home\",\"item\":\"http:\/\/armymen.com.ar\/website\/\"},{\"@type\":\"ListItem\",\"position\":2,\"name\":\"Videogames\",\"item\":\"http:\/\/armymen.com.ar\/website\/videogames\/\"},{\"@type\":\"ListItem\",\"position\":3,\"name\":\"Army Men MODs\",\"item\":\"http:\/\/armymen.com.ar\/website\/videogames\/army-men-mods\/\"},{\"@type\":\"ListItem\",\"position\":4,\"name\":\"Army Men RTS 2\"}]},{\"@type\":\"WebSite\",\"@id\":\"https:\/\/armymen.com.ar\/website\/#website\",\"url\":\"https:\/\/armymen.com.ar\/website\/\",\"name\":\"Army Men Toyverse\",\"description\":\"The Army Men Videogames Website\",\"potentialAction\":[{\"@type\":\"SearchAction\",\"target\":{\"@type\":\"EntryPoint\",\"urlTemplate\":\"https:\/\/armymen.com.ar\/website\/?s={search_term_string}\"},\"query-input\":{\"@type\":\"PropertyValueSpecification\",\"valueRequired\":true,\"valueName\":\"search_term_string\"}}],\"inLanguage\":\"en-US\"}]}<\/script>\n<!-- \/ Yoast SEO plugin. -->","yoast_head_json":{"title":"Army Men RTS 2 - Army Men Toyverse","robots":{"index":"index","follow":"follow","max-snippet":"max-snippet:-1","max-image-preview":"max-image-preview:large","max-video-preview":"max-video-preview:-1"},"canonical":"http:\/\/armymen.com.ar\/website\/videogames\/army-men-mods\/army-men-rts-2\/","og_locale":"en_US","og_type":"article","og_title":"Army Men RTS 2 - Army Men Toyverse","og_description":"The unofficial desired sequel to one of the best Army Men games The idea is simple: The same Army Men RTS engine but with texture improvements (AI Upscale), 1080dpi resolution (or more), some more technical improvement, new CGI FMV cut scenes, all original content + extra content from the entire RTS community. An Army Men &hellip; Continue reading Army Men RTS 2 &rarr;","og_url":"http:\/\/armymen.com.ar\/website\/videogames\/army-men-mods\/army-men-rts-2\/","og_site_name":"Army Men Toyverse","article_publisher":"https:\/\/facebook.com\/armymenvideogames","article_modified_time":"2024-09-10T11:53:36+00:00","og_image":[{"width":500,"height":500,"url":"http:\/\/armymen.com.ar\/website\/wp-content\/uploads\/2024\/09\/army-men-rts-2.png","type":"image\/png"}],"twitter_card":"summary_large_image","twitter_site":"@armymenchannel","twitter_misc":{"Est. reading time":"3 minutes"},"schema":{"@context":"https:\/\/schema.org","@graph":[{"@type":"WebPage","@id":"http:\/\/armymen.com.ar\/website\/videogames\/army-men-mods\/army-men-rts-2\/","url":"http:\/\/armymen.com.ar\/website\/videogames\/army-men-mods\/army-men-rts-2\/","name":"Army Men RTS 2 - Army Men Toyverse","isPartOf":{"@id":"https:\/\/armymen.com.ar\/website\/#website"},"primaryImageOfPage":{"@id":"http:\/\/armymen.com.ar\/website\/videogames\/army-men-mods\/army-men-rts-2\/#primaryimage"},"image":{"@id":"http:\/\/armymen.com.ar\/website\/videogames\/army-men-mods\/army-men-rts-2\/#primaryimage"},"thumbnailUrl":"https:\/\/armymen.com.ar\/website\/wp-content\/uploads\/2024\/09\/army-men-rts-2.png","datePublished":"2024-03-05T17:20:22+00:00","dateModified":"2024-09-10T11:53:36+00:00","breadcrumb":{"@id":"http:\/\/armymen.com.ar\/website\/videogames\/army-men-mods\/army-men-rts-2\/#breadcrumb"},"inLanguage":"en-US","potentialAction":[{"@type":"ReadAction","target":["http:\/\/armymen.com.ar\/website\/videogames\/army-men-mods\/army-men-rts-2\/"]}]},{"@type":"ImageObject","inLanguage":"en-US","@id":"http:\/\/armymen.com.ar\/website\/videogames\/army-men-mods\/army-men-rts-2\/#primaryimage","url":"https:\/\/armymen.com.ar\/website\/wp-content\/uploads\/2024\/09\/army-men-rts-2.png","contentUrl":"https:\/\/armymen.com.ar\/website\/wp-content\/uploads\/2024\/09\/army-men-rts-2.png","width":500,"height":500},{"@type":"BreadcrumbList","@id":"http:\/\/armymen.com.ar\/website\/videogames\/army-men-mods\/army-men-rts-2\/#breadcrumb","itemListElement":[{"@type":"ListItem","position":1,"name":"Home","item":"http:\/\/armymen.com.ar\/website\/"},{"@type":"ListItem","position":2,"name":"Videogames","item":"http:\/\/armymen.com.ar\/website\/videogames\/"},{"@type":"ListItem","position":3,"name":"Army Men MODs","item":"http:\/\/armymen.com.ar\/website\/videogames\/army-men-mods\/"},{"@type":"ListItem","position":4,"name":"Army Men RTS 2"}]},{"@type":"WebSite","@id":"https:\/\/armymen.com.ar\/website\/#website","url":"https:\/\/armymen.com.ar\/website\/","name":"Army Men Toyverse","description":"The Army Men Videogames Website","potentialAction":[{"@type":"SearchAction","target":{"@type":"EntryPoint","urlTemplate":"https:\/\/armymen.com.ar\/website\/?s={search_term_string}"},"query-input":{"@type":"PropertyValueSpecification","valueRequired":true,"valueName":"search_term_string"}}],"inLanguage":"en-US"}]}},"_links":{"self":[{"href":"https:\/\/armymen.com.ar\/website\/wp-json\/wp\/v2\/pages\/5418","targetHints":{"allow":["GET"]}}],"collection":[{"href":"https:\/\/armymen.com.ar\/website\/wp-json\/wp\/v2\/pages"}],"about":[{"href":"https:\/\/armymen.com.ar\/website\/wp-json\/wp\/v2\/types\/page"}],"author":[{"embeddable":true,"href":"https:\/\/armymen.com.ar\/website\/wp-json\/wp\/v2\/users\/7"}],"replies":[{"embeddable":true,"href":"https:\/\/armymen.com.ar\/website\/wp-json\/wp\/v2\/comments?post=5418"}],"version-history":[{"count":0,"href":"https:\/\/armymen.com.ar\/website\/wp-json\/wp\/v2\/pages\/5418\/revisions"}],"up":[{"embeddable":true,"href":"https:\/\/armymen.com.ar\/website\/wp-json\/wp\/v2\/pages\/586"}],"wp:featuredmedia":[{"embeddable":true,"href":"https:\/\/armymen.com.ar\/website\/wp-json\/wp\/v2\/media\/17947"}],"wp:attachment":[{"href":"https:\/\/armymen.com.ar\/website\/wp-json\/wp\/v2\/media?parent=5418"}],"curies":[{"name":"wp","href":"https:\/\/api.w.org\/{rel}","templated":true}]}}