{"id":5389,"date":"2024-03-05T13:41:38","date_gmt":"2024-03-05T13:41:38","guid":{"rendered":"http:\/\/armymen.com.ar\/website\/?page_id=5389"},"modified":"2024-03-05T13:41:46","modified_gmt":"2024-03-05T13:41:46","slug":"army-men-3d-multiplayer-campaign-mod","status":"publish","type":"page","link":"https:\/\/armymen.com.ar\/website\/videogames\/army-men-mods\/army-men-3d-multiplayer-campaign-mod\/","title":{"rendered":"Army Men 3D Multiplayer Campaign MOD"},"content":{"rendered":"\n<h2 class=\"wp-block-heading\">Green objective is to accomplish the mission, and Tan is to prevent it<\/h2>\n\n\n\n<p>We modified Army Men 3D to be able to play the campaign in multiplayer format. The game is for Playstation 1, PSP or Computer or Cell Phone Emulators.<\/p>\n\n\n\n<figure class=\"wp-block-embed is-type-video is-provider-youtube wp-block-embed-youtube wp-embed-aspect-16-9 wp-has-aspect-ratio\"><div class=\"wp-block-embed__wrapper\">\n<iframe loading=\"lazy\" title=\"Army Men 3D - Campa\u00f1a multijugador 1 - &quot;Carrera hacia el dep\u00f3sito&quot; (Depot Run): Verde vs. Marr\u00f3n !!!\" width=\"474\" height=\"267\" src=\"https:\/\/www.youtube.com\/embed\/u81YI3go6ng?feature=oembed\" frameborder=\"0\" allow=\"accelerometer; autoplay; clipboard-write; encrypted-media; gyroscope; picture-in-picture; web-share\" referrerpolicy=\"strict-origin-when-cross-origin\" allowfullscreen><\/iframe>\n<\/div><figcaption class=\"wp-element-caption\">Army Men 3D MOD multiplayer gameplay &#8211; Depot Run (mission 1) &#8211; Playstation 1<\/figcaption><\/figure>\n\n\n\n<figure class=\"wp-block-embed is-type-video is-provider-youtube wp-block-embed-youtube wp-embed-aspect-16-9 wp-has-aspect-ratio\"><div class=\"wp-block-embed__wrapper\">\n<iframe loading=\"lazy\" title=\"Army Men 3D - Campa\u00f1a multijugador 2 - &quot;Cacer\u00eda de esp\u00edas&quot; (Spy Hunt) - Campa\u00f1a PVP\" width=\"474\" height=\"267\" src=\"https:\/\/www.youtube.com\/embed\/SncWE8j-yac?feature=oembed\" frameborder=\"0\" allow=\"accelerometer; autoplay; clipboard-write; encrypted-media; gyroscope; picture-in-picture; web-share\" referrerpolicy=\"strict-origin-when-cross-origin\" allowfullscreen><\/iframe>\n<\/div><figcaption class=\"wp-element-caption\">Army Men 3D MOD multiplayer gameplay &#8211; Spy Hunt (mission 2) &#8211; Playstation 1<\/figcaption><\/figure>\n\n\n\n<figure class=\"wp-block-embed is-type-video is-provider-youtube wp-block-embed-youtube wp-embed-aspect-16-9 wp-has-aspect-ratio\"><div class=\"wp-block-embed__wrapper\">\n<iframe loading=\"lazy\" title=\"Army Men 3D - Campa\u00f1a multijugador 3 - &quot;Conducir para rescatar&quot; (Drive by Rescue) - Campa\u00f1a PVP\" width=\"474\" height=\"267\" src=\"https:\/\/www.youtube.com\/embed\/_SmnxxpE0gY?feature=oembed\" frameborder=\"0\" allow=\"accelerometer; autoplay; clipboard-write; encrypted-media; gyroscope; picture-in-picture; web-share\" referrerpolicy=\"strict-origin-when-cross-origin\" allowfullscreen><\/iframe>\n<\/div><figcaption class=\"wp-element-caption\">Army Men 3D MOD multiplayer gameplay &#8211; Drive by Rescue (mission 3) &#8211; Playstation 1<\/figcaption><\/figure>\n\n\n\n<figure class=\"wp-block-embed is-type-video is-provider-youtube wp-block-embed-youtube wp-embed-aspect-16-9 wp-has-aspect-ratio\"><div class=\"wp-block-embed__wrapper\">\n<iframe loading=\"lazy\" title=\"Army Men 3D - Campa\u00f1a multijugador 4 - &quot;Comunicaci\u00f3n ca\u00edda&quot; (Comm Down) - Campa\u00f1a PVP\" width=\"474\" height=\"267\" src=\"https:\/\/www.youtube.com\/embed\/pWbRTMerDLo?feature=oembed\" frameborder=\"0\" allow=\"accelerometer; autoplay; clipboard-write; encrypted-media; gyroscope; picture-in-picture; web-share\" referrerpolicy=\"strict-origin-when-cross-origin\" allowfullscreen><\/iframe>\n<\/div><figcaption class=\"wp-element-caption\">Army Men 3D MOD multiplayer gameplay &#8211; Comm Down (mission 4) &#8211; Playstation 1<\/figcaption><\/figure>\n\n\n\n<figure class=\"wp-block-embed is-type-video is-provider-youtube wp-block-embed-youtube wp-embed-aspect-16-9 wp-has-aspect-ratio\"><div class=\"wp-block-embed__wrapper\">\n<iframe loading=\"lazy\" title=\"Army Men 3D - Campa\u00f1a multijugador 13 - &quot;Prison Break&quot;: \u00a1Verde vs. Marr\u00f3n!\" width=\"474\" height=\"267\" src=\"https:\/\/www.youtube.com\/embed\/KGCCvesz4XA?feature=oembed\" frameborder=\"0\" allow=\"accelerometer; autoplay; clipboard-write; encrypted-media; gyroscope; picture-in-picture; web-share\" referrerpolicy=\"strict-origin-when-cross-origin\" allowfullscreen><\/iframe>\n<\/div><figcaption class=\"wp-element-caption\">Army Men 3D MOD multiplayer gameplay &#8211; Prision Break (mission 13) &#8211; Playstation 1<\/figcaption><\/figure>\n\n\n\n<figure class=\"wp-block-embed is-type-video is-provider-youtube wp-block-embed-youtube wp-embed-aspect-16-9 wp-has-aspect-ratio\"><div class=\"wp-block-embed__wrapper\">\n<iframe loading=\"lazy\" title=\"Army Men 3D - Campa\u00f1a multijugador 18 - Ciudad de los Muertos (City of the Dead): \u00a1Verde vs Marr\u00f3n!\" width=\"474\" height=\"267\" src=\"https:\/\/www.youtube.com\/embed\/kdhIWRfvCXU?feature=oembed\" frameborder=\"0\" allow=\"accelerometer; autoplay; clipboard-write; encrypted-media; gyroscope; picture-in-picture; web-share\" referrerpolicy=\"strict-origin-when-cross-origin\" allowfullscreen><\/iframe>\n<\/div><figcaption class=\"wp-element-caption\">Army Men 3D MOD multiplayer gameplay &#8211; City of the Dead (mission 18) &#8211; Playstation 1<\/figcaption><\/figure>\n\n\n\n<details class=\"wp-block-details is-layout-flow wp-block-details-is-layout-flow\"><summary>Sources for this article:<\/summary>\n<p><a href=\"https:\/\/www.youtube.com\/@TheArmyMenVideoGamesChannel\" target=\"_blank\" rel=\"noreferrer noopener\">The Army Men videogames channel<\/a><\/p>\n<\/details>\n<div class=\"likebtn_container\" style=\"\"><!-- LikeBtn.com BEGIN --><span class=\"likebtn-wrapper\"  data-identifier=\"page_5389\"  data-site_id=\"666cc35b6fd08ba15736e3bc\"  data-style=\"\"  data-unlike_allowed=\"\"  data-show_copyright=\"\"  data-item_url=\"https:\/\/armymen.com.ar\/website\/videogames\/army-men-mods\/army-men-3d-multiplayer-campaign-mod\/\"  data-item_title=\"Army Men 3D Multiplayer Campaign MOD\"  data-item_date=\"2024-03-05T13:41:38+00:00\"  data-engine=\"WordPress\"  data-plugin_v=\"2.6.58\"  data-prx=\"https:\/\/armymen.com.ar\/website\/wp-admin\/admin-ajax.php?action=likebtn_prx\"  data-event_handler=\"likebtn_eh\" ><\/span><!-- LikeBtn.com END --><\/div>","protected":false},"excerpt":{"rendered":"<p>Green objective is to accomplish the mission, and Tan is to prevent it We modified Army Men 3D to be able to play the campaign in multiplayer format. The game is for Playstation 1, PSP or Computer or Cell Phone Emulators.<\/p>\n<div class=\"likebtn_container\" style=\"\"><!-- LikeBtn.com BEGIN --><span class=\"likebtn-wrapper\"  data-identifier=\"page_5389\"  data-site_id=\"666cc35b6fd08ba15736e3bc\"  data-style=\"\"  data-unlike_allowed=\"\"  data-show_copyright=\"\"  data-item_url=\"https:\/\/armymen.com.ar\/website\/videogames\/army-men-mods\/army-men-3d-multiplayer-campaign-mod\/\"  data-item_title=\"Army Men 3D Multiplayer Campaign MOD\"  data-item_date=\"2024-03-05T13:41:38+00:00\"  data-engine=\"WordPress\"  data-plugin_v=\"2.6.58\"  data-prx=\"https:\/\/armymen.com.ar\/website\/wp-admin\/admin-ajax.php?action=likebtn_prx\"  data-event_handler=\"likebtn_eh\" ><\/span><!-- LikeBtn.com END --><\/div>","protected":false},"author":7,"featured_media":0,"parent":586,"menu_order":0,"comment_status":"open","ping_status":"closed","template":"","meta":{"pgc_sgb_lightbox_settings":"","footnotes":""},"class_list":["post-5389","page","type-page","status-publish","hentry"],"yoast_head":"<!-- This site is optimized with the Yoast SEO plugin v23.4 - https:\/\/yoast.com\/wordpress\/plugins\/seo\/ -->\n<title>Army Men 3D Multiplayer Campaign MOD - Army Men Toyverse<\/title>\n<meta name=\"robots\" content=\"index, follow, max-snippet:-1, max-image-preview:large, max-video-preview:-1\" \/>\n<link rel=\"canonical\" href=\"http:\/\/armymen.com.ar\/website\/videogames\/army-men-mods\/army-men-3d-multiplayer-campaign-mod\/\" \/>\n<meta property=\"og:locale\" content=\"en_US\" \/>\n<meta property=\"og:type\" content=\"article\" \/>\n<meta property=\"og:title\" content=\"Army Men 3D Multiplayer Campaign MOD - Army Men Toyverse\" \/>\n<meta property=\"og:description\" content=\"Green objective is to accomplish the mission, and Tan is to prevent it We modified Army Men 3D to be able to play the campaign in multiplayer format. The game is for Playstation 1, PSP or Computer or Cell Phone Emulators.\" \/>\n<meta property=\"og:url\" content=\"http:\/\/armymen.com.ar\/website\/videogames\/army-men-mods\/army-men-3d-multiplayer-campaign-mod\/\" \/>\n<meta property=\"og:site_name\" content=\"Army Men Toyverse\" \/>\n<meta property=\"article:publisher\" content=\"https:\/\/facebook.com\/armymenvideogames\" \/>\n<meta property=\"article:modified_time\" content=\"2024-03-05T13:41:46+00:00\" \/>\n<meta property=\"og:image\" content=\"https:\/\/armymen.com.ar\/website\/wp-content\/uploads\/2024\/06\/Army-Men-Toyverse-logo.jpg\" \/>\n\t<meta property=\"og:image:width\" content=\"960\" \/>\n\t<meta property=\"og:image:height\" content=\"540\" \/>\n\t<meta property=\"og:image:type\" content=\"image\/jpeg\" \/>\n<meta name=\"twitter:card\" content=\"summary_large_image\" \/>\n<meta name=\"twitter:site\" content=\"@armymenchannel\" \/>\n<meta name=\"twitter:label1\" content=\"Est. reading time\" \/>\n\t<meta name=\"twitter:data1\" content=\"1 minute\" \/>\n<script type=\"application\/ld+json\" class=\"yoast-schema-graph\">{\"@context\":\"https:\/\/schema.org\",\"@graph\":[{\"@type\":\"WebPage\",\"@id\":\"http:\/\/armymen.com.ar\/website\/videogames\/army-men-mods\/army-men-3d-multiplayer-campaign-mod\/\",\"url\":\"http:\/\/armymen.com.ar\/website\/videogames\/army-men-mods\/army-men-3d-multiplayer-campaign-mod\/\",\"name\":\"Army Men 3D Multiplayer Campaign MOD - Army Men Toyverse\",\"isPartOf\":{\"@id\":\"https:\/\/armymen.com.ar\/website\/#website\"},\"datePublished\":\"2024-03-05T13:41:38+00:00\",\"dateModified\":\"2024-03-05T13:41:46+00:00\",\"breadcrumb\":{\"@id\":\"http:\/\/armymen.com.ar\/website\/videogames\/army-men-mods\/army-men-3d-multiplayer-campaign-mod\/#breadcrumb\"},\"inLanguage\":\"en-US\",\"potentialAction\":[{\"@type\":\"ReadAction\",\"target\":[\"http:\/\/armymen.com.ar\/website\/videogames\/army-men-mods\/army-men-3d-multiplayer-campaign-mod\/\"]}]},{\"@type\":\"BreadcrumbList\",\"@id\":\"http:\/\/armymen.com.ar\/website\/videogames\/army-men-mods\/army-men-3d-multiplayer-campaign-mod\/#breadcrumb\",\"itemListElement\":[{\"@type\":\"ListItem\",\"position\":1,\"name\":\"Home\",\"item\":\"http:\/\/armymen.com.ar\/website\/\"},{\"@type\":\"ListItem\",\"position\":2,\"name\":\"Videogames\",\"item\":\"http:\/\/armymen.com.ar\/website\/videogames\/\"},{\"@type\":\"ListItem\",\"position\":3,\"name\":\"Army Men MODs\",\"item\":\"http:\/\/armymen.com.ar\/website\/videogames\/army-men-mods\/\"},{\"@type\":\"ListItem\",\"position\":4,\"name\":\"Army Men 3D Multiplayer Campaign MOD\"}]},{\"@type\":\"WebSite\",\"@id\":\"https:\/\/armymen.com.ar\/website\/#website\",\"url\":\"https:\/\/armymen.com.ar\/website\/\",\"name\":\"Army Men Toyverse\",\"description\":\"The Army Men Videogames Website\",\"potentialAction\":[{\"@type\":\"SearchAction\",\"target\":{\"@type\":\"EntryPoint\",\"urlTemplate\":\"https:\/\/armymen.com.ar\/website\/?s={search_term_string}\"},\"query-input\":{\"@type\":\"PropertyValueSpecification\",\"valueRequired\":true,\"valueName\":\"search_term_string\"}}],\"inLanguage\":\"en-US\"}]}<\/script>\n<!-- \/ Yoast SEO plugin. -->","yoast_head_json":{"title":"Army Men 3D Multiplayer Campaign MOD - Army Men Toyverse","robots":{"index":"index","follow":"follow","max-snippet":"max-snippet:-1","max-image-preview":"max-image-preview:large","max-video-preview":"max-video-preview:-1"},"canonical":"http:\/\/armymen.com.ar\/website\/videogames\/army-men-mods\/army-men-3d-multiplayer-campaign-mod\/","og_locale":"en_US","og_type":"article","og_title":"Army Men 3D Multiplayer Campaign MOD - Army Men Toyverse","og_description":"Green objective is to accomplish the mission, and Tan is to prevent it We modified Army Men 3D to be able to play the campaign in multiplayer format. The game is for Playstation 1, PSP or Computer or Cell Phone Emulators.","og_url":"http:\/\/armymen.com.ar\/website\/videogames\/army-men-mods\/army-men-3d-multiplayer-campaign-mod\/","og_site_name":"Army Men Toyverse","article_publisher":"https:\/\/facebook.com\/armymenvideogames","article_modified_time":"2024-03-05T13:41:46+00:00","og_image":[{"width":960,"height":540,"url":"https:\/\/armymen.com.ar\/website\/wp-content\/uploads\/2024\/06\/Army-Men-Toyverse-logo.jpg","type":"image\/jpeg"}],"twitter_card":"summary_large_image","twitter_site":"@armymenchannel","twitter_misc":{"Est. reading time":"1 minute"},"schema":{"@context":"https:\/\/schema.org","@graph":[{"@type":"WebPage","@id":"http:\/\/armymen.com.ar\/website\/videogames\/army-men-mods\/army-men-3d-multiplayer-campaign-mod\/","url":"http:\/\/armymen.com.ar\/website\/videogames\/army-men-mods\/army-men-3d-multiplayer-campaign-mod\/","name":"Army Men 3D Multiplayer Campaign MOD - Army Men Toyverse","isPartOf":{"@id":"https:\/\/armymen.com.ar\/website\/#website"},"datePublished":"2024-03-05T13:41:38+00:00","dateModified":"2024-03-05T13:41:46+00:00","breadcrumb":{"@id":"http:\/\/armymen.com.ar\/website\/videogames\/army-men-mods\/army-men-3d-multiplayer-campaign-mod\/#breadcrumb"},"inLanguage":"en-US","potentialAction":[{"@type":"ReadAction","target":["http:\/\/armymen.com.ar\/website\/videogames\/army-men-mods\/army-men-3d-multiplayer-campaign-mod\/"]}]},{"@type":"BreadcrumbList","@id":"http:\/\/armymen.com.ar\/website\/videogames\/army-men-mods\/army-men-3d-multiplayer-campaign-mod\/#breadcrumb","itemListElement":[{"@type":"ListItem","position":1,"name":"Home","item":"http:\/\/armymen.com.ar\/website\/"},{"@type":"ListItem","position":2,"name":"Videogames","item":"http:\/\/armymen.com.ar\/website\/videogames\/"},{"@type":"ListItem","position":3,"name":"Army Men MODs","item":"http:\/\/armymen.com.ar\/website\/videogames\/army-men-mods\/"},{"@type":"ListItem","position":4,"name":"Army Men 3D Multiplayer Campaign MOD"}]},{"@type":"WebSite","@id":"https:\/\/armymen.com.ar\/website\/#website","url":"https:\/\/armymen.com.ar\/website\/","name":"Army Men Toyverse","description":"The Army Men Videogames Website","potentialAction":[{"@type":"SearchAction","target":{"@type":"EntryPoint","urlTemplate":"https:\/\/armymen.com.ar\/website\/?s={search_term_string}"},"query-input":{"@type":"PropertyValueSpecification","valueRequired":true,"valueName":"search_term_string"}}],"inLanguage":"en-US"}]}},"_links":{"self":[{"href":"https:\/\/armymen.com.ar\/website\/wp-json\/wp\/v2\/pages\/5389","targetHints":{"allow":["GET"]}}],"collection":[{"href":"https:\/\/armymen.com.ar\/website\/wp-json\/wp\/v2\/pages"}],"about":[{"href":"https:\/\/armymen.com.ar\/website\/wp-json\/wp\/v2\/types\/page"}],"author":[{"embeddable":true,"href":"https:\/\/armymen.com.ar\/website\/wp-json\/wp\/v2\/users\/7"}],"replies":[{"embeddable":true,"href":"https:\/\/armymen.com.ar\/website\/wp-json\/wp\/v2\/comments?post=5389"}],"version-history":[{"count":0,"href":"https:\/\/armymen.com.ar\/website\/wp-json\/wp\/v2\/pages\/5389\/revisions"}],"up":[{"embeddable":true,"href":"https:\/\/armymen.com.ar\/website\/wp-json\/wp\/v2\/pages\/586"}],"wp:attachment":[{"href":"https:\/\/armymen.com.ar\/website\/wp-json\/wp\/v2\/media?parent=5389"}],"curies":[{"name":"wp","href":"https:\/\/api.w.org\/{rel}","templated":true}]}}